{"id":476,"date":"2016-10-13T20:13:44","date_gmt":"2016-10-13T18:13:44","guid":{"rendered":"http:\/\/duostdenisbouchard.aliquando.id-3.net\/?page_id=476"},"modified":"2024-04-09T10:11:36","modified_gmt":"2024-04-09T14:11:36","slug":"estimation-gratuite","status":"publish","type":"page","link":"https:\/\/stdenisbouchard.com\/en\/vendre\/estimation-gratuite\/","title":{"rendered":"Find What your Home Really Worth"},"content":{"rendered":"<p><\/p>\n<div class=\"ContentWithForm\">\n<p class=\"heading h2\">FREE Quick Over-The-Net Home Evaluation<\/p>\n<p class=\"Subtitle\">Find out what your home is really worth!<\/p>\n<p>Knowing what your home is worth is important information to have if you are thinking of selling your home.<\/p>\n<p>By providing your address and a brief description of your home, the system will conduct a thorough comparative market analysis by searching the database for similar homes listed or sold in your area.<\/p>\n<p><strong>With this current market data, you will be able to determine what your home might sell for if you decided to put it on the market.<\/strong><\/p>\n<p>There is no cost or obligation for this valuable service.<\/p>\n<p>For your FREE Home Evaluation, please provide the information requested.<\/p>\n<\/div>\n<div class=\"formInPage\">\n                <div class='gf_browser_gecko gform_wrapper gform_legacy_markup_wrapper gform-theme--no-framework' data-form-theme='legacy' data-form-index='0' id='gform_wrapper_7' ><form method='post' enctype='multipart\/form-data'  id='gform_7'  action='\/en\/wp-json\/wp\/v2\/pages\/476' data-formid='7' novalidate>\n                        <div class='gform-body gform_body'><ul id='gform_fields_7' class='gform_fields top_label form_sublabel_below description_below validation_below'><li id=\"field_7_10\" class=\"gfield gfield--type-name gfield--input-type-name gfield_contains_required field_sublabel_below gfield--no-description field_description_below field_validation_below gfield_visibility_visible\"  ><label class='gfield_label gform-field-label gfield_label_before_complex' >Name<span class=\"gfield_required\"><span class=\"gfield_required gfield_required_asterisk\">*<\/span><\/span><\/label><div class='ginput_complex ginput_container ginput_container--name no_prefix has_first_name no_middle_name has_last_name no_suffix gf_name_has_2 ginput_container_name gform-grid-row' id='input_7_10'>\n                            \n                            <span id='input_7_10_3_container' class='name_first gform-grid-col gform-grid-col--size-auto' >\n                                                    <input type='text' name='input_10.3' id='input_7_10_3' value=''   aria-required='true'     \/>\n                                                    <label for='input_7_10_3' class='gform-field-label gform-field-label--type-sub '>First name<\/label>\n                                                <\/span>\n                            \n                            <span id='input_7_10_6_container' class='name_last gform-grid-col gform-grid-col--size-auto' >\n                                                    <input type='text' name='input_10.6' id='input_7_10_6' value=''   aria-required='true'     \/>\n                                                    <label for='input_7_10_6' class='gform-field-label gform-field-label--type-sub '>Last name<\/label>\n                                                <\/span>\n                            \n                        <\/div><\/li><li id=\"field_7_11\" class=\"gfield gfield--type-email gfield--input-type-email gfield_contains_required field_sublabel_below gfield--no-description field_description_below field_validation_below gfield_visibility_visible\"  ><label class='gfield_label gform-field-label' for='input_7_11'>Email<span class=\"gfield_required\"><span class=\"gfield_required gfield_required_asterisk\">*<\/span><\/span><\/label><div class='ginput_container ginput_container_email'>\n                            <input name='input_11' id='input_7_11' type='email' value='' class='medium'    aria-required=\"true\" aria-invalid=\"false\"  \/>\n                        <\/div><\/li><li id=\"field_7_12\" class=\"gfield gfield--type-phone gfield--input-type-phone gfield_contains_required field_sublabel_below gfield--no-description field_description_below field_validation_below gfield_visibility_visible\"  ><label class='gfield_label gform-field-label' for='input_7_12'>Phone<span class=\"gfield_required\"><span class=\"gfield_required gfield_required_asterisk\">*<\/span><\/span><\/label><div class='ginput_container ginput_container_phone'><input name='input_12' id='input_7_12' type='tel' value='' class='medium'   aria-required=\"true\" aria-invalid=\"false\"   \/><\/div><\/li><li id=\"field_7_13\" class=\"gfield gfield--type-address gfield--input-type-address gfield_contains_required field_sublabel_below gfield--no-description field_description_below field_validation_below gfield_visibility_visible\"  ><label class='gfield_label gform-field-label gfield_label_before_complex' >Address<span class=\"gfield_required\"><span class=\"gfield_required gfield_required_asterisk\">*<\/span><\/span><\/label>    \n                    <div class='ginput_complex ginput_container has_street has_street2 has_city has_state ginput_container_address gform-grid-row' id='input_7_13' >\n                         <span class='ginput_full address_line_1 ginput_address_line_1 gform-grid-col' id='input_7_13_1_container' >\n                                        <input type='text' name='input_13.1' id='input_7_13_1' value=''    aria-required='true'    \/>\n                                        <label for='input_7_13_1' id='input_7_13_1_label' class='gform-field-label gform-field-label--type-sub '>Street Address<\/label>\n                                    <\/span><span class='ginput_full address_line_2 ginput_address_line_2 gform-grid-col' id='input_7_13_2_container' >\n                                        <input type='text' name='input_13.2' id='input_7_13_2' value=''     aria-required='false'   \/>\n                                        <label for='input_7_13_2' id='input_7_13_2_label' class='gform-field-label gform-field-label--type-sub '>Address Line 2<\/label>\n                                    <\/span><span class='ginput_left address_city ginput_address_city gform-grid-col' id='input_7_13_3_container' >\n                                    <input type='text' name='input_13.3' id='input_7_13_3' value=''    aria-required='true'    \/>\n                                    <label for='input_7_13_3' id='input_7_13_3_label' class='gform-field-label gform-field-label--type-sub '>City<\/label>\n                                 <\/span><span class='ginput_right address_state ginput_address_state gform-grid-col' id='input_7_13_4_container' >\n                                        <select name='input_13.4' id='input_7_13_4'     aria-required='true'    ><option value='' ><\/option><option value='Alberta' >Alberta<\/option><option value='British Columbia' >British Columbia<\/option><option value='Manitoba' >Manitoba<\/option><option value='New Brunswick' >New Brunswick<\/option><option value='Newfoundland and Labrador' >Newfoundland and Labrador<\/option><option value='Northwest Territories' >Northwest Territories<\/option><option value='Nova Scotia' >Nova Scotia<\/option><option value='Nunavut' >Nunavut<\/option><option value='Ontario' >Ontario<\/option><option value='Prince Edward Island' >Prince Edward Island<\/option><option value='Quebec' >Quebec<\/option><option value='Saskatchewan' >Saskatchewan<\/option><option value='Yukon' >Yukon<\/option><\/select>\n                                        <label for='input_7_13_4' id='input_7_13_4_label' class='gform-field-label gform-field-label--type-sub '>Province<\/label>\n                                      <\/span><input type='hidden' class='gform_hidden' name='input_13.6' id='input_7_13_6' value='Canada' \/>\n                    <div class='gf_clear gf_clear_complex'><\/div>\n                <\/div><\/li><li id=\"field_7_9\" class=\"gfield gfield--type-textarea gfield--input-type-textarea field_sublabel_below gfield--no-description field_description_below field_validation_below gfield_visibility_visible\"  ><label class='gfield_label gform-field-label' for='input_7_9'>Question<\/label><div class='ginput_container ginput_container_textarea'><textarea name='input_9' id='input_7_9' class='textarea large'      aria-invalid=\"false\"   rows='10' cols='50'><\/textarea><\/div><\/li><li id=\"field_7_7\" class=\"gfield gfield--type-section gfield--input-type-section gsection Form_GetInfo field_sublabel_below gfield--no-description field_description_below field_validation_below gfield_visibility_visible\"  ><h2 class=\"gsection_title\"><\/h2><\/li><\/ul><\/div>\n        <div class='gform-footer gform_footer top_label'> <input type='submit' id='gform_submit_button_7' class='gform_button button' onclick='gform.submission.handleButtonClick(this);' data-submission-type='submit' value='Get Info'  \/> \n            <input type='hidden' class='gform_hidden' name='gform_submission_method' data-js='gform_submission_method_7' value='postback' \/>\n            <input type='hidden' class='gform_hidden' name='gform_theme' data-js='gform_theme_7' id='gform_theme_7' value='legacy' \/>\n            <input type='hidden' class='gform_hidden' name='gform_style_settings' data-js='gform_style_settings_7' id='gform_style_settings_7' value='[]' \/>\n            <input type='hidden' class='gform_hidden' name='is_submit_7' value='1' \/>\n            <input type='hidden' class='gform_hidden' name='gform_submit' value='7' \/>\n            \n            <input type='hidden' class='gform_hidden' name='gform_currency' data-currency='CAD' value='SuIivmVddW8ysVirnObtNtHjlQmEA0yPVuUZiNWH7R\/HX1D1VNEQ5gKhdwQkhFJLP2AD3uOct1H0gH7wgKqhJ8IVZRIO1BMMmea1NHTd\/Vzwmf0=' \/>\n            <input type='hidden' class='gform_hidden' name='gform_unique_id' value='' \/>\n            <input type='hidden' class='gform_hidden' name='state_7' value='WyJbXSIsImFjOTk3YTc1ZmYzYjhmYmYwYmQ3MjE5MzRkMGUyYjg2Il0=' \/>\n            <input type='hidden' autocomplete='off' class='gform_hidden' name='gform_target_page_number_7' id='gform_target_page_number_7' value='0' \/>\n            <input type='hidden' autocomplete='off' class='gform_hidden' name='gform_source_page_number_7' id='gform_source_page_number_7' value='1' \/>\n            <input type='hidden' name='gform_field_values' value='' \/>\n            \n        <\/div>\n                        <\/form>\n                        <\/div><script type=\"text\/javascript\">\n\/* <![CDATA[ *\/\n gform.initializeOnLoaded( function() {gformInitSpinner( 7, 'https:\/\/stdenisbouchard.com\/wp-content\/plugins\/gravityforms\/images\/spinner.svg', true );jQuery('#gform_ajax_frame_7').on('load',function(){var contents = jQuery(this).contents().find('*').html();var is_postback = contents.indexOf('GF_AJAX_POSTBACK') >= 0;if(!is_postback){return;}var form_content = jQuery(this).contents().find('#gform_wrapper_7');var is_confirmation = jQuery(this).contents().find('#gform_confirmation_wrapper_7').length > 0;var is_redirect = contents.indexOf('gformRedirect(){') >= 0;var is_form = form_content.length > 0 && ! is_redirect && ! is_confirmation;var mt = parseInt(jQuery('html').css('margin-top'), 10) + parseInt(jQuery('body').css('margin-top'), 10) + 100;if(is_form){jQuery('#gform_wrapper_7').html(form_content.html());if(form_content.hasClass('gform_validation_error')){jQuery('#gform_wrapper_7').addClass('gform_validation_error');} else {jQuery('#gform_wrapper_7').removeClass('gform_validation_error');}setTimeout( function() { \/* delay the scroll by 50 milliseconds to fix a bug in chrome *\/  }, 50 );if(window['gformInitDatepicker']) {gformInitDatepicker();}if(window['gformInitPriceFields']) {gformInitPriceFields();}var current_page = jQuery('#gform_source_page_number_7').val();gformInitSpinner( 7, 'https:\/\/stdenisbouchard.com\/wp-content\/plugins\/gravityforms\/images\/spinner.svg', true );jQuery(document).trigger('gform_page_loaded', [7, current_page]);window['gf_submitting_7'] = false;}else if(!is_redirect){var confirmation_content = jQuery(this).contents().find('.GF_AJAX_POSTBACK').html();if(!confirmation_content){confirmation_content = contents;}jQuery('#gform_wrapper_7').replaceWith(confirmation_content);jQuery(document).trigger('gform_confirmation_loaded', [7]);window['gf_submitting_7'] = false;wp.a11y.speak(jQuery('#gform_confirmation_message_7').text());}else{jQuery('#gform_7').append(contents);if(window['gformRedirect']) {gformRedirect();}}jQuery(document).trigger(\"gform_pre_post_render\", [{ formId: \"7\", currentPage: \"current_page\", abort: function() { this.preventDefault(); } }]);        if (event && event.defaultPrevented) {                return;        }        const gformWrapperDiv = document.getElementById( \"gform_wrapper_7\" );        if ( gformWrapperDiv ) {            const visibilitySpan = document.createElement( \"span\" );            visibilitySpan.id = \"gform_visibility_test_7\";            gformWrapperDiv.insertAdjacentElement( \"afterend\", visibilitySpan );        }        const visibilityTestDiv = document.getElementById( \"gform_visibility_test_7\" );        let postRenderFired = false;        function triggerPostRender() {            if ( postRenderFired ) {                return;            }            postRenderFired = true;            gform.core.triggerPostRenderEvents( 7, current_page );            if ( visibilityTestDiv ) {                visibilityTestDiv.parentNode.removeChild( visibilityTestDiv );            }        }        function debounce( func, wait, immediate ) {            var timeout;            return function() {                var context = this, args = arguments;                var later = function() {                    timeout = null;                    if ( !immediate ) func.apply( context, args );                };                var callNow = immediate && !timeout;                clearTimeout( timeout );                timeout = setTimeout( later, wait );                if ( callNow ) func.apply( context, args );            };        }        const debouncedTriggerPostRender = debounce( function() {            triggerPostRender();        }, 200 );        if ( visibilityTestDiv && visibilityTestDiv.offsetParent === null ) {            const observer = new MutationObserver( ( mutations ) => {                mutations.forEach( ( mutation ) => {                    if ( mutation.type === 'attributes' && visibilityTestDiv.offsetParent !== null ) {                        debouncedTriggerPostRender();                        observer.disconnect();                    }                });            });            observer.observe( document.body, {                attributes: true,                childList: false,                subtree: true,                attributeFilter: [ 'style', 'class' ],            });        } else {            triggerPostRender();        }    } );} ); \n\/* ]]> *\/\n<\/script>\n<\/div>\n<p><\/p>","protected":false},"excerpt":{"rendered":"<p>FREE Quick Over-The-Net Home Evaluation Find out what your home is really worth! Knowing what your home is worth is important information to have if you are thinking of selling your home. By providing your address and a brief description of your home, the system will conduct a thorough comparative market analysis by searching the [&hellip;]<\/p>\n","protected":false},"author":121,"featured_media":555,"parent":15,"menu_order":0,"comment_status":"closed","ping_status":"closed","template":"page-fullwidth.php","meta":{"_acf_changed":false,"footnotes":""},"class_list":["post-476","page","type-page","status-publish","hentry"],"acf":[],"yoast_head":"<!-- This site is optimized with the Yoast SEO plugin v26.7 - https:\/\/yoast.com\/wordpress\/plugins\/seo\/ -->\n<title>Vendre sa maison | Estimation gratuite de votre propri\u00e9t\u00e9<\/title>\n<meta name=\"description\" content=\"Vous voulez savoir le prix &quot;juste \u00e0 peu pr\u00e8s&quot;?! Mettez votre propri\u00e9t\u00e9 sur la balance immobili\u00e8re, sans avoir \u00e0 la mettre sur le march\u00e9!\" \/>\n<meta name=\"robots\" content=\"index, follow, max-snippet:-1, max-image-preview:large, max-video-preview:-1\" \/>\n<link rel=\"canonical\" href=\"https:\/\/stdenisbouchard.com\/en\/vendre\/estimation-gratuite\/\" \/>\n<meta property=\"og:locale\" content=\"en_US\" \/>\n<meta property=\"og:type\" content=\"article\" \/>\n<meta property=\"og:title\" content=\"Vendre sa maison | Estimation gratuite de votre propri\u00e9t\u00e9\" \/>\n<meta property=\"og:description\" content=\"Vous voulez savoir le prix &quot;juste \u00e0 peu pr\u00e8s&quot;?! Mettez votre propri\u00e9t\u00e9 sur la balance immobili\u00e8re, sans avoir \u00e0 la mettre sur le march\u00e9!\" \/>\n<meta property=\"og:url\" content=\"https:\/\/stdenisbouchard.com\/en\/vendre\/estimation-gratuite\/\" \/>\n<meta property=\"og:site_name\" content=\"M\u00e9lanie St-Denis et Eric Bouchard\" \/>\n<meta property=\"article:publisher\" content=\"https:\/\/www.facebook.com\/equipestdenisbouchard\" \/>\n<meta property=\"article:modified_time\" content=\"2024-04-09T14:11:36+00:00\" \/>\n<meta property=\"og:image\" content=\"https:\/\/stdenisbouchard.com\/files\/2025\/10\/Header_Facebook2025.png\" \/><meta property=\"og:image\" content=\"https:\/\/stdenisbouchard.com\/files\/2016\/10\/ESTIMATION_interieur.jpg\" \/>\n\t<meta property=\"og:image:width\" content=\"2560\" \/>\n\t<meta property=\"og:image:height\" content=\"200\" \/>\n\t<meta property=\"og:image:type\" content=\"image\/jpeg\" \/>\n<meta name=\"twitter:card\" content=\"summary_large_image\" \/>\n<meta name=\"twitter:image\" content=\"https:\/\/stdenisbouchard.com\/files\/2025\/10\/Header_Facebook2025.png\" \/>\n<meta name=\"twitter:site\" content=\"@stdenisbouchard\" \/>\n<meta name=\"twitter:label1\" content=\"Est. reading time\" \/>\n\t<meta name=\"twitter:data1\" content=\"3 minutes\" \/>\n<script type=\"application\/ld+json\" class=\"yoast-schema-graph\">{\"@context\":\"https:\/\/schema.org\",\"@graph\":[{\"@type\":\"WebPage\",\"@id\":\"https:\/\/stdenisbouchard.com\/en\/vendre\/estimation-gratuite\/\",\"url\":\"https:\/\/stdenisbouchard.com\/en\/vendre\/estimation-gratuite\/\",\"name\":\"Vendre sa maison | Estimation gratuite de votre propri\u00e9t\u00e9\",\"isPartOf\":{\"@id\":\"https:\/\/stdenisbouchard.com\/#website\"},\"primaryImageOfPage\":{\"@id\":\"https:\/\/stdenisbouchard.com\/en\/vendre\/estimation-gratuite\/#primaryimage\"},\"image\":{\"@id\":\"https:\/\/stdenisbouchard.com\/en\/vendre\/estimation-gratuite\/#primaryimage\"},\"thumbnailUrl\":\"https:\/\/stdenisbouchard.com\/files\/2016\/10\/ESTIMATION_interieur.jpg\",\"datePublished\":\"2016-10-13T18:13:44+00:00\",\"dateModified\":\"2024-04-09T14:11:36+00:00\",\"description\":\"Vous voulez savoir le prix \\\"juste \u00e0 peu pr\u00e8s\\\"?! Mettez votre propri\u00e9t\u00e9 sur la balance immobili\u00e8re, sans avoir \u00e0 la mettre sur le march\u00e9!\",\"breadcrumb\":{\"@id\":\"https:\/\/stdenisbouchard.com\/en\/vendre\/estimation-gratuite\/#breadcrumb\"},\"inLanguage\":\"en-US\",\"potentialAction\":[{\"@type\":\"ReadAction\",\"target\":[\"https:\/\/stdenisbouchard.com\/en\/vendre\/estimation-gratuite\/\"]}]},{\"@type\":\"ImageObject\",\"inLanguage\":\"en-US\",\"@id\":\"https:\/\/stdenisbouchard.com\/en\/vendre\/estimation-gratuite\/#primaryimage\",\"url\":\"https:\/\/stdenisbouchard.com\/files\/2016\/10\/ESTIMATION_interieur.jpg\",\"contentUrl\":\"https:\/\/stdenisbouchard.com\/files\/2016\/10\/ESTIMATION_interieur.jpg\",\"width\":2560,\"height\":200},{\"@type\":\"BreadcrumbList\",\"@id\":\"https:\/\/stdenisbouchard.com\/en\/vendre\/estimation-gratuite\/#breadcrumb\",\"itemListElement\":[{\"@type\":\"ListItem\",\"position\":1,\"name\":\"Accueil\",\"item\":\"https:\/\/stdenisbouchard.com\/\"},{\"@type\":\"ListItem\",\"position\":2,\"name\":\"Sell\",\"item\":\"https:\/\/stdenisbouchard.com\/en\/vendre\/\"},{\"@type\":\"ListItem\",\"position\":3,\"name\":\"Find What your Home Really Worth\"}]},{\"@type\":\"WebSite\",\"@id\":\"https:\/\/stdenisbouchard.com\/#website\",\"url\":\"https:\/\/stdenisbouchard.com\/\",\"name\":\"M\u00e9lanie St-Denis et Eric Bouchard\",\"description\":\"Real Estate Brokers\",\"publisher\":{\"@id\":\"https:\/\/stdenisbouchard.com\/#organization\"},\"potentialAction\":[{\"@type\":\"SearchAction\",\"target\":{\"@type\":\"EntryPoint\",\"urlTemplate\":\"https:\/\/stdenisbouchard.com\/?s={search_term_string}\"},\"query-input\":{\"@type\":\"PropertyValueSpecification\",\"valueRequired\":true,\"valueName\":\"search_term_string\"}}],\"inLanguage\":\"en-US\"},{\"@type\":\"Organization\",\"@id\":\"https:\/\/stdenisbouchard.com\/#organization\",\"name\":\"\u00c9quipe St-Denis Bouchard\",\"url\":\"https:\/\/stdenisbouchard.com\/\",\"logo\":{\"@type\":\"ImageObject\",\"inLanguage\":\"en-US\",\"@id\":\"https:\/\/stdenisbouchard.com\/#\/schema\/logo\/image\/\",\"url\":\"https:\/\/stdenisbouchard.com\/files\/2020\/12\/logo_mobile.png\",\"contentUrl\":\"https:\/\/stdenisbouchard.com\/files\/2020\/12\/logo_mobile.png\",\"width\":338,\"height\":149,\"caption\":\"\u00c9quipe St-Denis Bouchard\"},\"image\":{\"@id\":\"https:\/\/stdenisbouchard.com\/#\/schema\/logo\/image\/\"},\"sameAs\":[\"https:\/\/www.facebook.com\/equipestdenisbouchard\",\"https:\/\/x.com\/stdenisbouchard\",\"https:\/\/www.instagram.com\/stdenisbouchard\/\"]}]}<\/script>\n<!-- \/ Yoast SEO plugin. -->","yoast_head_json":{"title":"Vendre sa maison | Estimation gratuite de votre propri\u00e9t\u00e9","description":"Vous voulez savoir le prix \"juste \u00e0 peu pr\u00e8s\"?! Mettez votre propri\u00e9t\u00e9 sur la balance immobili\u00e8re, sans avoir \u00e0 la mettre sur le march\u00e9!","robots":{"index":"index","follow":"follow","max-snippet":"max-snippet:-1","max-image-preview":"max-image-preview:large","max-video-preview":"max-video-preview:-1"},"canonical":"https:\/\/stdenisbouchard.com\/en\/vendre\/estimation-gratuite\/","og_locale":"en_US","og_type":"article","og_title":"Vendre sa maison | Estimation gratuite de votre propri\u00e9t\u00e9","og_description":"Vous voulez savoir le prix \"juste \u00e0 peu pr\u00e8s\"?! Mettez votre propri\u00e9t\u00e9 sur la balance immobili\u00e8re, sans avoir \u00e0 la mettre sur le march\u00e9!","og_url":"https:\/\/stdenisbouchard.com\/en\/vendre\/estimation-gratuite\/","og_site_name":"M\u00e9lanie St-Denis et Eric Bouchard","article_publisher":"https:\/\/www.facebook.com\/equipestdenisbouchard","article_modified_time":"2024-04-09T14:11:36+00:00","og_image":[{"url":"https:\/\/stdenisbouchard.com\/files\/2025\/10\/Header_Facebook2025.png","type":"","width":"","height":""},{"width":2560,"height":200,"url":"https:\/\/stdenisbouchard.com\/files\/2016\/10\/ESTIMATION_interieur.jpg","type":"image\/jpeg"}],"twitter_card":"summary_large_image","twitter_image":"https:\/\/stdenisbouchard.com\/files\/2025\/10\/Header_Facebook2025.png","twitter_site":"@stdenisbouchard","twitter_misc":{"Est. reading time":"3 minutes"},"schema":{"@context":"https:\/\/schema.org","@graph":[{"@type":"WebPage","@id":"https:\/\/stdenisbouchard.com\/en\/vendre\/estimation-gratuite\/","url":"https:\/\/stdenisbouchard.com\/en\/vendre\/estimation-gratuite\/","name":"Vendre sa maison | Estimation gratuite de votre propri\u00e9t\u00e9","isPartOf":{"@id":"https:\/\/stdenisbouchard.com\/#website"},"primaryImageOfPage":{"@id":"https:\/\/stdenisbouchard.com\/en\/vendre\/estimation-gratuite\/#primaryimage"},"image":{"@id":"https:\/\/stdenisbouchard.com\/en\/vendre\/estimation-gratuite\/#primaryimage"},"thumbnailUrl":"https:\/\/stdenisbouchard.com\/files\/2016\/10\/ESTIMATION_interieur.jpg","datePublished":"2016-10-13T18:13:44+00:00","dateModified":"2024-04-09T14:11:36+00:00","description":"Vous voulez savoir le prix \"juste \u00e0 peu pr\u00e8s\"?! Mettez votre propri\u00e9t\u00e9 sur la balance immobili\u00e8re, sans avoir \u00e0 la mettre sur le march\u00e9!","breadcrumb":{"@id":"https:\/\/stdenisbouchard.com\/en\/vendre\/estimation-gratuite\/#breadcrumb"},"inLanguage":"en-US","potentialAction":[{"@type":"ReadAction","target":["https:\/\/stdenisbouchard.com\/en\/vendre\/estimation-gratuite\/"]}]},{"@type":"ImageObject","inLanguage":"en-US","@id":"https:\/\/stdenisbouchard.com\/en\/vendre\/estimation-gratuite\/#primaryimage","url":"https:\/\/stdenisbouchard.com\/files\/2016\/10\/ESTIMATION_interieur.jpg","contentUrl":"https:\/\/stdenisbouchard.com\/files\/2016\/10\/ESTIMATION_interieur.jpg","width":2560,"height":200},{"@type":"BreadcrumbList","@id":"https:\/\/stdenisbouchard.com\/en\/vendre\/estimation-gratuite\/#breadcrumb","itemListElement":[{"@type":"ListItem","position":1,"name":"Accueil","item":"https:\/\/stdenisbouchard.com\/"},{"@type":"ListItem","position":2,"name":"Sell","item":"https:\/\/stdenisbouchard.com\/en\/vendre\/"},{"@type":"ListItem","position":3,"name":"Find What your Home Really Worth"}]},{"@type":"WebSite","@id":"https:\/\/stdenisbouchard.com\/#website","url":"https:\/\/stdenisbouchard.com\/","name":"M\u00e9lanie St-Denis et Eric Bouchard","description":"Real Estate Brokers","publisher":{"@id":"https:\/\/stdenisbouchard.com\/#organization"},"potentialAction":[{"@type":"SearchAction","target":{"@type":"EntryPoint","urlTemplate":"https:\/\/stdenisbouchard.com\/?s={search_term_string}"},"query-input":{"@type":"PropertyValueSpecification","valueRequired":true,"valueName":"search_term_string"}}],"inLanguage":"en-US"},{"@type":"Organization","@id":"https:\/\/stdenisbouchard.com\/#organization","name":"\u00c9quipe St-Denis Bouchard","url":"https:\/\/stdenisbouchard.com\/","logo":{"@type":"ImageObject","inLanguage":"en-US","@id":"https:\/\/stdenisbouchard.com\/#\/schema\/logo\/image\/","url":"https:\/\/stdenisbouchard.com\/files\/2020\/12\/logo_mobile.png","contentUrl":"https:\/\/stdenisbouchard.com\/files\/2020\/12\/logo_mobile.png","width":338,"height":149,"caption":"\u00c9quipe St-Denis Bouchard"},"image":{"@id":"https:\/\/stdenisbouchard.com\/#\/schema\/logo\/image\/"},"sameAs":["https:\/\/www.facebook.com\/equipestdenisbouchard","https:\/\/x.com\/stdenisbouchard","https:\/\/www.instagram.com\/stdenisbouchard\/"]}]}},"_links":{"self":[{"href":"https:\/\/stdenisbouchard.com\/en\/wp-json\/wp\/v2\/pages\/476","targetHints":{"allow":["GET"]}}],"collection":[{"href":"https:\/\/stdenisbouchard.com\/en\/wp-json\/wp\/v2\/pages"}],"about":[{"href":"https:\/\/stdenisbouchard.com\/en\/wp-json\/wp\/v2\/types\/page"}],"author":[{"embeddable":true,"href":"https:\/\/stdenisbouchard.com\/en\/wp-json\/wp\/v2\/users\/121"}],"replies":[{"embeddable":true,"href":"https:\/\/stdenisbouchard.com\/en\/wp-json\/wp\/v2\/comments?post=476"}],"version-history":[{"count":3,"href":"https:\/\/stdenisbouchard.com\/en\/wp-json\/wp\/v2\/pages\/476\/revisions"}],"predecessor-version":[{"id":3428,"href":"https:\/\/stdenisbouchard.com\/en\/wp-json\/wp\/v2\/pages\/476\/revisions\/3428"}],"up":[{"embeddable":true,"href":"https:\/\/stdenisbouchard.com\/en\/wp-json\/wp\/v2\/pages\/15"}],"wp:featuredmedia":[{"embeddable":true,"href":"https:\/\/stdenisbouchard.com\/en\/wp-json\/wp\/v2\/media\/555"}],"wp:attachment":[{"href":"https:\/\/stdenisbouchard.com\/en\/wp-json\/wp\/v2\/media?parent=476"}],"curies":[{"name":"wp","href":"https:\/\/api.w.org\/{rel}","templated":true}]}}